{"id":138,"date":"2017-01-31T12:36:11","date_gmt":"2017-01-31T11:36:11","guid":{"rendered":"http:\/\/skiwerkstatt-pirna.de\/cms\/?page_id=138"},"modified":"2023-02-24T09:44:55","modified_gmt":"2023-02-24T08:44:55","slug":"montage-service","status":"publish","type":"page","link":"http:\/\/skiwerkstatt-pirna.de\/cms\/service\/montage-service\/","title":{"rendered":"Montage-Service"},"content":{"rendered":"\n<style type=\"text\/css\" data-created_by=\"avia_inline_auto\" id=\"style-css-av-2lzapu-433c7c640864d9b40e466b2cd7402391\">\n.avia-section.av-2lzapu-433c7c640864d9b40e466b2cd7402391{\nbackground-repeat:no-repeat;\nbackground-image:url(http:\/\/skiwerkstatt-pirna.de\/cms\/wp-content\/uploads\/2017\/03\/skifahrer_skiservice-1500x630.jpg);\nbackground-position:50% 50%;\nbackground-attachment:scroll;\n}\n<\/style>\n<div id='av_section_1'  class='avia-section av-2lzapu-433c7c640864d9b40e466b2cd7402391 header_color avia-section-default avia-shadow  avia-builder-el-0  el_before_av_heading  avia-builder-el-first  avia-bg-style-scroll av-minimum-height av-minimum-height-custom  container_wrap fullsize'  data-section-bg-repeat='no-repeat'><div class='container av-section-cont-open' style='height:420px'><main  role=\"main\" itemprop=\"mainContentOfPage\"  class='template-page content  av-content-full alpha units'><div class='post-entry post-entry-type-page post-entry-138'><div class='entry-content-wrapper clearfix'><\/div><\/div><\/main><!-- close content main element --><\/div><\/div><div id='after_section_1'  class='main_color av_default_container_wrap container_wrap fullsize'  ><div class='container av-section-cont-open' ><div class='template-page content  av-content-full alpha units'><div class='post-entry post-entry-type-page post-entry-138'><div class='entry-content-wrapper clearfix'>\n\n<style type=\"text\/css\" data-created_by=\"avia_inline_auto\" id=\"style-css-av-2f48fe-ffe2b8432b746127cfbd48f69723bf87\">\n#top .av-special-heading.av-2f48fe-ffe2b8432b746127cfbd48f69723bf87{\npadding-bottom:10px;\n}\nbody .av-special-heading.av-2f48fe-ffe2b8432b746127cfbd48f69723bf87 .av-special-heading-tag .heading-char{\nfont-size:25px;\n}\n.av-special-heading.av-2f48fe-ffe2b8432b746127cfbd48f69723bf87 .av-subheading{\nfont-size:15px;\n}\n<\/style>\n<div  class='av-special-heading av-2f48fe-ffe2b8432b746127cfbd48f69723bf87 av-special-heading-h1  avia-builder-el-1  el_after_av_section  el_before_av_section  avia-builder-el-no-sibling '><h1 class='av-special-heading-tag'  itemprop=\"headline\"  >Montage-Service f\u00fcr Ski <span class='special_amp'>&amp;<\/span> Snowboard <\/h1><div class=\"special-heading-border\"><div class=\"special-heading-inner-border\"><\/div><\/div><\/div>\n<\/div><\/div><\/div><!-- close content main div --><\/div><\/div>\n<style type=\"text\/css\" data-created_by=\"avia_inline_auto\" id=\"style-css-av-272o1m-fae887bc036ad7d1465dc966c00b73aa\">\n.avia-section.av-272o1m-fae887bc036ad7d1465dc966c00b73aa{\nbackground-color:#719430;\n}\n<\/style>\n<div id='av_section_2'  class='avia-section av-272o1m-fae887bc036ad7d1465dc966c00b73aa main_color avia-section-small avia-no-border-styling  avia-builder-el-2  el_after_av_heading  el_before_av_one_half  avia-bg-style-scroll container_wrap fullsize'  ><div class='container av-section-cont-open' ><div class='template-page content  av-content-full alpha units'><div class='post-entry post-entry-type-page post-entry-138'><div class='entry-content-wrapper clearfix'>\n<section  class='av_textblock_section av-7j9je-143878b1dcfe7e52ba74474324f39639'  itemscope=\"itemscope\" itemtype=\"https:\/\/schema.org\/CreativeWork\" ><div class='avia_textblock'  itemprop=\"text\" ><h4 style=\"text-align: center; font-weight: normal; line-height: 1.3;\"><span style=\"color: #ffffff;\">Egal ob eine neue Bindung oder ein Plattensystem, wir montieren alle g\u00e4ngigen Modelle. Bring uns Deine Ski, Bindung und am Besten beide Skischuhe mit.<\/span><\/h4>\n<\/div><\/section>\n<\/div><\/div><\/div><!-- close content main div --><\/div><\/div><div id='after_section_2'  class='main_color av_default_container_wrap container_wrap fullsize'  ><div class='container av-section-cont-open' ><div class='template-page content  av-content-full alpha units'><div class='post-entry post-entry-type-page post-entry-138'><div class='entry-content-wrapper clearfix'>\n\n<style type=\"text\/css\" data-created_by=\"avia_inline_auto\" id=\"style-css-av-1v2b8a-0879d86011f753b5e51fb4eb8e5eb702\">\n.flex_column.av-1v2b8a-0879d86011f753b5e51fb4eb8e5eb702{\nborder-width:1px;\nborder-color:#719430;\nborder-style:solid;\nborder-radius:5px 5px 5px 5px;\n-webkit-border-radius:5px 5px 5px 5px;\n-moz-border-radius:5px 5px 5px 5px;\n}\n<\/style>\n<div class='flex_column av-1v2b8a-0879d86011f753b5e51fb4eb8e5eb702 av_one_half  avia-builder-el-4  el_after_av_section  el_before_av_one_half  avia-builder-el-first  first flex_column_div  av-animated-generic fade-in av-zero-column-padding '   ><article  class='iconbox iconbox_top av-1q5ofm-98774ad28d2486d0c7452cae287d85e7  avia-builder-el-5  avia-builder-el-no-sibling  main_color'  itemscope=\"itemscope\" itemtype=\"https:\/\/schema.org\/CreativeWork\" ><div class=\"iconbox_content\"><header class=\"entry-content-header\"><div class=\"iconbox_icon heading-color\" aria-hidden='true' data-av_icon='\ue812' data-av_iconfont='entypo-fontello'><\/div><h3 class='iconbox_content_title '  itemprop=\"headline\" >Bindungsmontage<\/h3><\/header><div class='iconbox_content_container '  itemprop=\"text\" ><p>F\u00fcr die fachgerechte Montage der Skibindung ist die exakte\u00a0Schuhgr\u00f6\u00dfe deiner Ski-Schuhe erforderlich.<\/p>\n<p>Bei der Montage der Snowboard-Bindung kommt es auf darauf an, welcher Fu\u00df in Fahrtrichtung vorne stehen soll. Steht der rechte Fu\u00df vorne, ist die Bezeichnung\u00a0&#8222;Goofy&#8220;, steht der linke Fu\u00df vorne, nennt man das &#8222;Regular&#8220;.<\/p>\n<\/div><\/div><footer class=\"entry-footer\"><\/footer><\/article><\/div>\n\n<style type=\"text\/css\" data-created_by=\"avia_inline_auto\" id=\"style-css-av-1kz55m-000b11a98c4fcfbbed9432dfa6b5da21\">\n.flex_column.av-1kz55m-000b11a98c4fcfbbed9432dfa6b5da21{\nborder-width:1px;\nborder-color:#719430;\nborder-style:solid;\nborder-radius:5px 5px 5px 5px;\n-webkit-border-radius:5px 5px 5px 5px;\n-moz-border-radius:5px 5px 5px 5px;\n}\n<\/style>\n<div class='flex_column av-1kz55m-000b11a98c4fcfbbed9432dfa6b5da21 av_one_half  avia-builder-el-6  el_after_av_one_half  el_before_av_hr  flex_column_div  av-animated-generic fade-in av-zero-column-padding '   ><article  class='iconbox iconbox_top av-1cyr7m-00f82999d2db4ea148d726470c899db7  avia-builder-el-7  avia-builder-el-no-sibling  main_color'  itemscope=\"itemscope\" itemtype=\"https:\/\/schema.org\/CreativeWork\" ><div class=\"iconbox_content\"><header class=\"entry-content-header\"><div class=\"iconbox_icon heading-color\" aria-hidden='true' data-av_icon='\ue812' data-av_iconfont='entypo-fontello'><\/div><h3 class='iconbox_content_title '  itemprop=\"headline\" >IAS-Bindungseinstellung<\/h3><\/header><div class='iconbox_content_container '  itemprop=\"text\" ><p>Deine pers\u00f6nlichen Einstellwerte (z-Werte) werden nach der Gewichtsmethode ISO 1108\u00a0ermittelt und die Ski-Bindung elektronisch eingestellt und \u00fcberpr\u00fcft. Wir empfehlen eine \u00dcberpr\u00fcfung der Bindungs-Einstellungen einmal j\u00e4hrlich zu Beginn der Skisaison oder\u00a0vor jedem\u00a0Skiurlaub.<\/p>\n<\/div><\/div><footer class=\"entry-footer\"><\/footer><\/article><\/div>\n<div  class='hr av-1bbsiy-4224b900beb44dfc62a6dcae54664065 hr-default  avia-builder-el-8  el_after_av_one_half  el_before_av_one_fourth '><span class='hr-inner '><span class=\"hr-inner-style\"><\/span><\/span><\/div>\n\n<style type=\"text\/css\" data-created_by=\"avia_inline_auto\" id=\"style-css-av-10wqze-80543d9dacf6b18952af4de5be3dfc95\">\n.flex_column.av-10wqze-80543d9dacf6b18952af4de5be3dfc95{\nborder-radius:0px 0px 0px 0px;\n-webkit-border-radius:0px 0px 0px 0px;\n-moz-border-radius:0px 0px 0px 0px;\n}\n<\/style>\n<div class='flex_column av-10wqze-80543d9dacf6b18952af4de5be3dfc95 av_one_fourth  avia-builder-el-9  el_after_av_hr  el_before_av_one_half  first flex_column_div av-zero-column-padding '   ><\/div>\n\n<style type=\"text\/css\" data-created_by=\"avia_inline_auto\" id=\"style-css-av-voqgq-ff2b9cb18d0aea66549a6b096e1b1340\">\n.flex_column.av-voqgq-ff2b9cb18d0aea66549a6b096e1b1340{\nborder-width:1px;\nborder-color:#719430;\nborder-style:solid;\nborder-radius:5px 5px 5px 5px;\n-webkit-border-radius:5px 5px 5px 5px;\n-moz-border-radius:5px 5px 5px 5px;\n}\n<\/style>\n<div class='flex_column av-voqgq-ff2b9cb18d0aea66549a6b096e1b1340 av_one_half  avia-builder-el-10  el_after_av_one_fourth  el_before_av_one_fourth  flex_column_div  av-animated-generic fade-in av-zero-column-padding '   ><article  class='iconbox iconbox_top av-2ivpm-47c8aa28e2735d6ff42a2103d4da9c64  avia-builder-el-11  avia-builder-el-no-sibling  main_color'  itemscope=\"itemscope\" itemtype=\"https:\/\/schema.org\/CreativeWork\" ><div class=\"iconbox_content\"><header class=\"entry-content-header\"><div class=\"iconbox_icon heading-color\" aria-hidden='true' data-av_icon='\ue812' data-av_iconfont='entypo-fontello'><\/div><h3 class='iconbox_content_title '  itemprop=\"headline\" >Sicherheitscheck der Bindung<\/h3><\/header><div class='iconbox_content_container '  itemprop=\"text\" ><p>Wir ermitteln anhand Deiner Daten (Gewicht, Gr\u00f6\u00dfe, Alter, Fahrk\u00f6nnen und Schuhsohlenl\u00e4nge) die richtigen Einstellwerte. Anschlie\u00dfend werden die Werte durch elektronische Ausl\u00f6sungen \u00fcberpr\u00fcft und nachjustiert.<\/p>\n<p>Diese Vorgehensweise ist durch den internationalen Arbeitskreis f\u00fcr Sicherheit im Skisport (IAS) vorgeschrieben und garantiert f\u00fcr ein H\u00f6chstma\u00df an Sicherheit. Nach dieser Einstellung sollten die Werte und die Bindung jedes Jahr vor dem 1. Skitag neu \u00fcberpr\u00fcft werden.<\/p>\n<\/div><\/div><footer class=\"entry-footer\"><\/footer><\/article><\/div>\n<style type=\"text\/css\" data-created_by=\"avia_inline_auto\" id=\"style-css-av-jm002-fd04a5579a9f0b26ffb6a2f22ca7f5a9\">\n.flex_column.av-jm002-fd04a5579a9f0b26ffb6a2f22ca7f5a9{\nborder-radius:0px 0px 0px 0px;\n-webkit-border-radius:0px 0px 0px 0px;\n-moz-border-radius:0px 0px 0px 0px;\n}\n<\/style>\n<div class='flex_column av-jm002-fd04a5579a9f0b26ffb6a2f22ca7f5a9 av_one_fourth  avia-builder-el-12  el_after_av_one_half  el_before_av_section  avia-builder-el-last  flex_column_div av-zero-column-padding '   ><\/div><\/p>\n<\/div><\/div><\/div><!-- close content main div --><\/div><\/div>\n<style type=\"text\/css\" data-created_by=\"avia_inline_auto\" id=\"style-css-av-1cw4y-f48ba15ca987676242c426b36a4451be\">\n.avia-section.av-1cw4y-f48ba15ca987676242c426b36a4451be{\nbackground-color:#719430;\n}\n<\/style>\n<div id='av_section_3'  class='avia-section av-1cw4y-f48ba15ca987676242c426b36a4451be main_color avia-section-small avia-no-border-styling  avia-builder-el-13  el_after_av_one_fourth  avia-builder-el-last  avia-bg-style-scroll container_wrap fullsize'  ><div class='container av-section-cont-open' ><div class='template-page content  av-content-full alpha units'><div class='post-entry post-entry-type-page post-entry-138'><div class='entry-content-wrapper clearfix'>\n<section  class='av_textblock_section av-wmhm-e9299a0befca7e4d2feaa9217775fe07'  itemscope=\"itemscope\" itemtype=\"https:\/\/schema.org\/CreativeWork\" ><div class='avia_textblock'  itemprop=\"text\" ><p style=\"text-align: center;\"><span style=\"color: #ffffff;\">Durch die lange Lagerung im Sommer aber auch durch Feuchtigkeit k\u00f6nnen sich die Ausl\u00f6sewerte ver\u00e4ndern. So k\u00f6nnten bei der Erstausl\u00f6sung wesentlich h\u00f6here Kr\u00e4fte auf B\u00e4nder und Knochen wirken als durch die Einstellung vorgesehen. Somit wird dringend zu diesem j\u00e4hrlichen Sicherheits Check geraten. <\/span><\/p>\n<\/div><\/section>\n\n","protected":false},"excerpt":{"rendered":"","protected":false},"author":1,"featured_media":0,"parent":39,"menu_order":0,"comment_status":"closed","ping_status":"closed","template":"","meta":{"footnotes":""},"class_list":["post-138","page","type-page","status-publish","hentry"],"_links":{"self":[{"href":"http:\/\/skiwerkstatt-pirna.de\/cms\/wp-json\/wp\/v2\/pages\/138","targetHints":{"allow":["GET"]}}],"collection":[{"href":"http:\/\/skiwerkstatt-pirna.de\/cms\/wp-json\/wp\/v2\/pages"}],"about":[{"href":"http:\/\/skiwerkstatt-pirna.de\/cms\/wp-json\/wp\/v2\/types\/page"}],"author":[{"embeddable":true,"href":"http:\/\/skiwerkstatt-pirna.de\/cms\/wp-json\/wp\/v2\/users\/1"}],"replies":[{"embeddable":true,"href":"http:\/\/skiwerkstatt-pirna.de\/cms\/wp-json\/wp\/v2\/comments?post=138"}],"version-history":[{"count":11,"href":"http:\/\/skiwerkstatt-pirna.de\/cms\/wp-json\/wp\/v2\/pages\/138\/revisions"}],"predecessor-version":[{"id":573,"href":"http:\/\/skiwerkstatt-pirna.de\/cms\/wp-json\/wp\/v2\/pages\/138\/revisions\/573"}],"up":[{"embeddable":true,"href":"http:\/\/skiwerkstatt-pirna.de\/cms\/wp-json\/wp\/v2\/pages\/39"}],"wp:attachment":[{"href":"http:\/\/skiwerkstatt-pirna.de\/cms\/wp-json\/wp\/v2\/media?parent=138"}],"curies":[{"name":"wp","href":"https:\/\/api.w.org\/{rel}","templated":true}]}}