{"id":133,"date":"2017-01-31T12:33:43","date_gmt":"2017-01-31T11:33:43","guid":{"rendered":"http:\/\/skiwerkstatt-pirna.de\/cms\/?page_id=133"},"modified":"2017-05-05T07:55:22","modified_gmt":"2017-05-05T05:55:22","slug":"snowboard-service","status":"publish","type":"page","link":"http:\/\/skiwerkstatt-pirna.de\/cms\/service\/snowboard-service\/","title":{"rendered":"Snowboard-Service"},"content":{"rendered":"\n<style type=\"text\/css\" data-created_by=\"avia_inline_auto\" id=\"style-css-av-av_section-c4bc6f6d860f451ae16cb057d7b80bed\">\n.avia-section.av-av_section-c4bc6f6d860f451ae16cb057d7b80bed{\nbackground-repeat:no-repeat;\nbackground-image:url(http:\/\/skiwerkstatt-pirna.de\/cms\/wp-content\/uploads\/2017\/03\/snowboard_fahren-1500x630.jpg);\nbackground-position:50% 50%;\nbackground-attachment:scroll;\n}\n<\/style>\n<div id='av_section_1'  class='avia-section av-av_section-c4bc6f6d860f451ae16cb057d7b80bed header_color avia-section-default avia-shadow  avia-builder-el-0  el_before_av_heading  avia-builder-el-first  avia-bg-style-scroll av-minimum-height av-minimum-height-custom  container_wrap fullsize'  data-section-bg-repeat='no-repeat'><div class='container av-section-cont-open' style='height:420px'><main  role=\"main\" itemprop=\"mainContentOfPage\"  class='template-page content  av-content-full alpha units'><div class='post-entry post-entry-type-page post-entry-133'><div class='entry-content-wrapper clearfix'><\/div><\/div><\/main><!-- close content main element --><\/div><\/div><div id='after_section_1'  class='main_color av_default_container_wrap container_wrap fullsize'  ><div class='container av-section-cont-open' ><div class='template-page content  av-content-full alpha units'><div class='post-entry post-entry-type-page post-entry-133'><div class='entry-content-wrapper clearfix'>\n\n<style type=\"text\/css\" data-created_by=\"avia_inline_auto\" id=\"style-css-av-av_heading-1087d3e317fc3b3f6f58d85e066ef704\">\n#top .av-special-heading.av-av_heading-1087d3e317fc3b3f6f58d85e066ef704{\npadding-bottom:10px;\n}\nbody .av-special-heading.av-av_heading-1087d3e317fc3b3f6f58d85e066ef704 .av-special-heading-tag .heading-char{\nfont-size:25px;\n}\n.av-special-heading.av-av_heading-1087d3e317fc3b3f6f58d85e066ef704 .av-subheading{\nfont-size:15px;\n}\n<\/style>\n<div  class='av-special-heading av-av_heading-1087d3e317fc3b3f6f58d85e066ef704 av-special-heading-h1  avia-builder-el-1  el_after_av_section  el_before_av_section  avia-builder-el-no-sibling '><h1 class='av-special-heading-tag'  itemprop=\"headline\"  >Snowboard-Service<\/h1><div class=\"special-heading-border\"><div class=\"special-heading-inner-border\"><\/div><\/div><\/div>\n<\/div><\/div><\/div><!-- close content main div --><\/div><\/div>\n<style type=\"text\/css\" data-created_by=\"avia_inline_auto\" id=\"style-css-av-av_section-ab405f333364daaafbf933ebef63bc57\">\n.avia-section.av-av_section-ab405f333364daaafbf933ebef63bc57{\nbackground-color:#719430;\n}\n<\/style>\n<div id='av_section_2'  class='avia-section av-av_section-ab405f333364daaafbf933ebef63bc57 main_color avia-section-small avia-no-border-styling  avia-builder-el-2  el_after_av_heading  el_before_av_one_half  avia-bg-style-scroll container_wrap fullsize'  ><div class='container av-section-cont-open' ><div class='template-page content  av-content-full alpha units'><div class='post-entry post-entry-type-page post-entry-133'><div class='entry-content-wrapper clearfix'>\n<section  class='av_textblock_section av-av_textblock-0366cc7376be6c9e82a3e9cc8987b64f'  itemscope=\"itemscope\" itemtype=\"https:\/\/schema.org\/CreativeWork\" ><div class='avia_textblock'  itemprop=\"text\" ><h4 style=\"text-align: center; font-weight: normal; line-height: 1.3;\"><span style=\"color: #ffffff;\">Unsere Servicemaschinen von Wintersteiger, gepaart mit langj\u00e4hriger Erfahrung<br \/>\n<\/span><span style=\"color: #ffffff;\">im Bereich Snowboard-Service und die Liebe zum Alpinsport gew\u00e4hrleisten ein H\u00f6chstma\u00df an Qualit\u00e4t.<\/span><\/h4>\n<\/div><\/section>\n<\/div><\/div><\/div><!-- close content main div --><\/div><\/div><div id='after_section_2'  class='main_color av_default_container_wrap container_wrap fullsize'  ><div class='container av-section-cont-open' ><div class='template-page content  av-content-full alpha units'><div class='post-entry post-entry-type-page post-entry-133'><div class='entry-content-wrapper clearfix'>\n\n<style type=\"text\/css\" data-created_by=\"avia_inline_auto\" id=\"style-css-av-av_one_half-710b6420358df9243d39fcaba9c6f763\">\n.flex_column.av-av_one_half-710b6420358df9243d39fcaba9c6f763{\nborder-width:1px;\nborder-color:#719430;\nborder-style:solid;\nborder-radius:5px 5px 5px 5px;\n-webkit-border-radius:5px 5px 5px 5px;\n-moz-border-radius:5px 5px 5px 5px;\n}\n<\/style>\n<div class='flex_column av-av_one_half-710b6420358df9243d39fcaba9c6f763 av_one_half  avia-builder-el-4  el_after_av_section  el_before_av_one_half  avia-builder-el-first  first flex_column_div  av-animated-generic fade-in av-zero-column-padding '   ><article  class='iconbox iconbox_top av-av_icon_box-39d206722d9de6ac4fa2c11dc1af6c23  avia-builder-el-5  avia-builder-el-no-sibling  main_color'  itemscope=\"itemscope\" itemtype=\"https:\/\/schema.org\/CreativeWork\" ><div class=\"iconbox_content\"><header class=\"entry-content-header\"><div class=\"iconbox_icon heading-color\" aria-hidden='true' data-av_icon='\ue856' data-av_iconfont='entypo-fontello'><\/div><h3 class='iconbox_content_title '  itemprop=\"headline\" >Snowboard-Service Klein<\/h3><\/header><div class='iconbox_content_container '  itemprop=\"text\" ><p>Der Belag Deines Boards wird mit einem Bandschliff vorgeschliffen, einem speziellen Steinschliffverfahren nachgeschliffen und mit einer Struktur versehen. Damit wird die Gleit- und Dreheigenschaft verbessert.<\/p>\n<p>Die Kanten werden im optimalen Winkel hinterschliffen, mit 0,5\u2019 abgeh\u00e4ngt und poliert. Danach wird dein Board auf dem Waxjet von Wintersteiger, oder auf Wunsch auch von Hand, gewachst und anschlie\u00dfend die Lauffl\u00e4che geb\u00fcrstet und poliert.<\/p>\n<\/div><\/div><footer class=\"entry-footer\"><\/footer><\/article><\/div>\n\n<style type=\"text\/css\" data-created_by=\"avia_inline_auto\" id=\"style-css-av-av_one_half-250881bc74a935988cf5cdc5efa9d861\">\n.flex_column.av-av_one_half-250881bc74a935988cf5cdc5efa9d861{\nborder-width:1px;\nborder-color:#719430;\nborder-style:solid;\nborder-radius:5px 5px 5px 5px;\n-webkit-border-radius:5px 5px 5px 5px;\n-moz-border-radius:5px 5px 5px 5px;\n}\n<\/style>\n<div class='flex_column av-av_one_half-250881bc74a935988cf5cdc5efa9d861 av_one_half  avia-builder-el-6  el_after_av_one_half  el_before_av_hr  flex_column_div  av-animated-generic fade-in av-zero-column-padding '   ><article  class='iconbox iconbox_top av-av_icon_box-4901b7d7cd8166dc37f9cacb492f5898  avia-builder-el-7  avia-builder-el-no-sibling  main_color'  itemscope=\"itemscope\" itemtype=\"https:\/\/schema.org\/CreativeWork\" ><div class=\"iconbox_content\"><header class=\"entry-content-header\"><div class=\"iconbox_icon heading-color\" aria-hidden='true' data-av_icon='\ue856' data-av_iconfont='entypo-fontello'><\/div><h3 class='iconbox_content_title '  itemprop=\"headline\" >Snowboard-Service Gro\u00df<\/h3><\/header><div class='iconbox_content_container '  itemprop=\"text\" ><p>Der Belag Deines Boards wird mit einem Bandschliff vorgeschliffen, im Aufschmelzverfahren die Lauffl\u00e4che repariert und mit einem speziellen Steinschliffverfahren nachgeschliffen und mit einer Struktur versehen. Damit wird die Gleit- und Dreheigenschaft verbessert.<\/p>\n<p>Die Kanten werden im optimalen Winkel hinterschliffen, mit 0,5\u2019 abgeh\u00e4ngt und poliert. Danach wird dein Board auf dem Waxjet von Wintersteiger, oder auf Wunsch auch von Hand, gewachst und anschlie\u00dfend die Lauffl\u00e4che geb\u00fcrstet und poliert.<\/p>\n<\/div><\/div><footer class=\"entry-footer\"><\/footer><\/article><\/div>\n<div  class='hr av-av_hr-dcd2069817a0e3d34ae04cad8f3443c7 hr-default  avia-builder-el-8  el_after_av_one_half  el_before_av_one_half '><span class='hr-inner '><span class=\"hr-inner-style\"><\/span><\/span><\/div>\n\n<style type=\"text\/css\" data-created_by=\"avia_inline_auto\" id=\"style-css-av-av_one_half-710b6420358df9243d39fcaba9c6f763\">\n.flex_column.av-av_one_half-710b6420358df9243d39fcaba9c6f763{\nborder-width:1px;\nborder-color:#719430;\nborder-style:solid;\nborder-radius:5px 5px 5px 5px;\n-webkit-border-radius:5px 5px 5px 5px;\n-moz-border-radius:5px 5px 5px 5px;\n}\n<\/style>\n<div class='flex_column av-av_one_half-710b6420358df9243d39fcaba9c6f763 av_one_half  avia-builder-el-9  el_after_av_hr  el_before_av_one_half  first flex_column_div  av-animated-generic fade-in av-zero-column-padding '   ><article  class='iconbox iconbox_top av-av_icon_box-b0a7841823886d120c83579d28543150  avia-builder-el-10  avia-builder-el-no-sibling  main_color'  itemscope=\"itemscope\" itemtype=\"https:\/\/schema.org\/CreativeWork\" ><div class=\"iconbox_content\"><header class=\"entry-content-header\"><div class=\"iconbox_icon heading-color\" aria-hidden='true' data-av_icon='\ue856' data-av_iconfont='entypo-fontello'><\/div><h3 class='iconbox_content_title '  itemprop=\"headline\" >Snowboard wachsen Standard<\/h3><\/header><div class='iconbox_content_container '  itemprop=\"text\" ><p>Dein Board wird auf dem Waxjet von Wintersteiger gewachst und anschlie\u00dfend die Lauffl\u00e4che geb\u00fcrstet und poliert.<\/p>\n<\/div><\/div><footer class=\"entry-footer\"><\/footer><\/article><\/div>\n\n<style type=\"text\/css\" data-created_by=\"avia_inline_auto\" id=\"style-css-av-av_one_half-250881bc74a935988cf5cdc5efa9d861\">\n.flex_column.av-av_one_half-250881bc74a935988cf5cdc5efa9d861{\nborder-width:1px;\nborder-color:#719430;\nborder-style:solid;\nborder-radius:5px 5px 5px 5px;\n-webkit-border-radius:5px 5px 5px 5px;\n-moz-border-radius:5px 5px 5px 5px;\n}\n<\/style>\n<div class='flex_column av-av_one_half-250881bc74a935988cf5cdc5efa9d861 av_one_half  avia-builder-el-11  el_after_av_one_half  avia-builder-el-last  flex_column_div  av-animated-generic fade-in av-zero-column-padding '   ><article  class='iconbox iconbox_top av-av_icon_box-28b8dba7debfdd7c3015e0c044373318  avia-builder-el-12  avia-builder-el-no-sibling  main_color'  itemscope=\"itemscope\" itemtype=\"https:\/\/schema.org\/CreativeWork\" ><div class=\"iconbox_content\"><header class=\"entry-content-header\"><div class=\"iconbox_icon heading-color\" aria-hidden='true' data-av_icon='\ue856' data-av_iconfont='entypo-fontello'><\/div><h3 class='iconbox_content_title '  itemprop=\"headline\" >Snowboard wachsen Professionell<\/h3><\/header><div class='iconbox_content_container '  itemprop=\"text\" ><p>Dein Board verdient nur das Beste. Aus diesem Grund wird der Wachs mit einem Wachsb\u00fcgeleisen aufgetragen. Der Boardkern wird so erw\u00e4rmt, das das Wachs in die Faser der Lauffl\u00e4che eindringen kann und der Belag ausreichend getr\u00e4nkt wird.<\/p>\n<p>Das Handwachsen verspricht eine deutlich h\u00f6here Haltbarkeit.<\/p>\n<\/div><\/div><footer class=\"entry-footer\"><\/footer><\/article><\/div>\n","protected":false},"excerpt":{"rendered":"","protected":false},"author":1,"featured_media":0,"parent":39,"menu_order":0,"comment_status":"closed","ping_status":"closed","template":"","meta":{"footnotes":""},"class_list":["post-133","page","type-page","status-publish","hentry"],"_links":{"self":[{"href":"http:\/\/skiwerkstatt-pirna.de\/cms\/wp-json\/wp\/v2\/pages\/133","targetHints":{"allow":["GET"]}}],"collection":[{"href":"http:\/\/skiwerkstatt-pirna.de\/cms\/wp-json\/wp\/v2\/pages"}],"about":[{"href":"http:\/\/skiwerkstatt-pirna.de\/cms\/wp-json\/wp\/v2\/types\/page"}],"author":[{"embeddable":true,"href":"http:\/\/skiwerkstatt-pirna.de\/cms\/wp-json\/wp\/v2\/users\/1"}],"replies":[{"embeddable":true,"href":"http:\/\/skiwerkstatt-pirna.de\/cms\/wp-json\/wp\/v2\/comments?post=133"}],"version-history":[{"count":11,"href":"http:\/\/skiwerkstatt-pirna.de\/cms\/wp-json\/wp\/v2\/pages\/133\/revisions"}],"predecessor-version":[{"id":390,"href":"http:\/\/skiwerkstatt-pirna.de\/cms\/wp-json\/wp\/v2\/pages\/133\/revisions\/390"}],"up":[{"embeddable":true,"href":"http:\/\/skiwerkstatt-pirna.de\/cms\/wp-json\/wp\/v2\/pages\/39"}],"wp:attachment":[{"href":"http:\/\/skiwerkstatt-pirna.de\/cms\/wp-json\/wp\/v2\/media?parent=133"}],"curies":[{"name":"wp","href":"https:\/\/api.w.org\/{rel}","templated":true}]}}