{"id":114,"date":"2017-01-31T12:06:41","date_gmt":"2017-01-31T11:06:41","guid":{"rendered":"http:\/\/skiwerkstatt-pirna.de\/cms\/?page_id=114"},"modified":"2017-05-10T11:53:43","modified_gmt":"2017-05-10T09:53:43","slug":"ski-service","status":"publish","type":"page","link":"http:\/\/skiwerkstatt-pirna.de\/cms\/service\/ski-service\/","title":{"rendered":"Skiservice"},"content":{"rendered":"\n<style type=\"text\/css\" data-created_by=\"avia_inline_auto\" id=\"style-css-av-av_section-415c77c659d5600f41b7a42577dfa081\">\n.avia-section.av-av_section-415c77c659d5600f41b7a42577dfa081{\nbackground-repeat:no-repeat;\nbackground-image:url(http:\/\/skiwerkstatt-pirna.de\/cms\/wp-content\/uploads\/2017\/03\/skifahrer_skiservice-1500x630.jpg);\nbackground-position:50% 50%;\nbackground-attachment:scroll;\n}\n<\/style>\n<div id='av_section_1'  class='avia-section av-av_section-415c77c659d5600f41b7a42577dfa081 header_color avia-section-default avia-shadow  avia-builder-el-0  el_before_av_heading  avia-builder-el-first  avia-bg-style-scroll av-minimum-height av-minimum-height-custom  container_wrap fullsize'  data-section-bg-repeat='no-repeat'><div class='container av-section-cont-open' style='height:420px'><main  role=\"main\" itemprop=\"mainContentOfPage\"  class='template-page content  av-content-full alpha units'><div class='post-entry post-entry-type-page post-entry-114'><div class='entry-content-wrapper clearfix'><\/div><\/div><\/main><!-- close content main element --><\/div><\/div><div id='after_section_1'  class='main_color av_default_container_wrap container_wrap fullsize'  ><div class='container av-section-cont-open' ><div class='template-page content  av-content-full alpha units'><div class='post-entry post-entry-type-page post-entry-114'><div class='entry-content-wrapper clearfix'>\n\n<style type=\"text\/css\" data-created_by=\"avia_inline_auto\" id=\"style-css-av-av_heading-6a557c6e21d07c9a33c629930a9dc958\">\n#top .av-special-heading.av-av_heading-6a557c6e21d07c9a33c629930a9dc958{\npadding-bottom:10px;\n}\nbody .av-special-heading.av-av_heading-6a557c6e21d07c9a33c629930a9dc958 .av-special-heading-tag .heading-char{\nfont-size:25px;\n}\n.av-special-heading.av-av_heading-6a557c6e21d07c9a33c629930a9dc958 .av-subheading{\nfont-size:15px;\n}\n<\/style>\n<div  class='av-special-heading av-av_heading-6a557c6e21d07c9a33c629930a9dc958 av-special-heading-h1  avia-builder-el-1  el_after_av_section  el_before_av_section  avia-builder-el-no-sibling '><h1 class='av-special-heading-tag'  itemprop=\"headline\"  >Ski-Service<\/h1><div class=\"special-heading-border\"><div class=\"special-heading-inner-border\"><\/div><\/div><\/div>\n<\/div><\/div><\/div><!-- close content main div --><\/div><\/div>\n<style type=\"text\/css\" data-created_by=\"avia_inline_auto\" id=\"style-css-av-av_section-ab405f333364daaafbf933ebef63bc57\">\n.avia-section.av-av_section-ab405f333364daaafbf933ebef63bc57{\nbackground-color:#719430;\n}\n<\/style>\n<div id='av_section_2'  class='avia-section av-av_section-ab405f333364daaafbf933ebef63bc57 main_color avia-section-small avia-no-border-styling  avia-builder-el-2  el_after_av_heading  el_before_av_one_half  avia-bg-style-scroll container_wrap fullsize'  ><div class='container av-section-cont-open' ><div class='template-page content  av-content-full alpha units'><div class='post-entry post-entry-type-page post-entry-114'><div class='entry-content-wrapper clearfix'>\n<section  class='av_textblock_section av-av_textblock-0366cc7376be6c9e82a3e9cc8987b64f'  itemscope=\"itemscope\" itemtype=\"https:\/\/schema.org\/CreativeWork\" ><div class='avia_textblock'  itemprop=\"text\" ><h4 style=\"text-align: center; font-weight: normal; line-height: 1.3;\"><span style=\"color: #ffffff;\">Unsere Servicemaschinen von Wintersteiger, gepaart mit langj\u00e4hriger Erfahrung<br \/>\n<\/span><span style=\"color: #ffffff;\">im Bereich Skiservice und die Liebe zum Skisport gew\u00e4hrleisten ein H\u00f6chstma\u00df an Qualit\u00e4t.<\/span><\/h4>\n<\/div><\/section>\n<\/div><\/div><\/div><!-- close content main div --><\/div><\/div><div id='after_section_2'  class='main_color av_default_container_wrap container_wrap fullsize'  ><div class='container av-section-cont-open' ><div class='template-page content  av-content-full alpha units'><div class='post-entry post-entry-type-page post-entry-114'><div class='entry-content-wrapper clearfix'>\n<style type=\"text\/css\" data-created_by=\"avia_inline_auto\" id=\"style-css-av-av_one_half-710b6420358df9243d39fcaba9c6f763\">\n.flex_column.av-av_one_half-710b6420358df9243d39fcaba9c6f763{\nborder-width:1px;\nborder-color:#719430;\nborder-style:solid;\nborder-radius:5px 5px 5px 5px;\n-webkit-border-radius:5px 5px 5px 5px;\n-moz-border-radius:5px 5px 5px 5px;\n}\n<\/style>\n<div class='flex_column av-av_one_half-710b6420358df9243d39fcaba9c6f763 av_one_half  avia-builder-el-4  el_after_av_section  el_before_av_one_half  avia-builder-el-first  first flex_column_div  av-animated-generic fade-in av-zero-column-padding '   ><article  class='iconbox iconbox_top av-av_icon_box-1a75addfe718fe63e68f010596bbe70a  avia-builder-el-5  avia-builder-el-no-sibling  main_color'  itemscope=\"itemscope\" itemtype=\"https:\/\/schema.org\/CreativeWork\" ><div class=\"iconbox_content\"><header class=\"entry-content-header\"><div class=\"iconbox_icon heading-color\" aria-hidden='true' data-av_icon='\ue856' data-av_iconfont='entypo-fontello'><\/div><h3 class='iconbox_content_title '  itemprop=\"headline\" >Skiservice Klein<\/h3><\/header><div class='iconbox_content_container '  itemprop=\"text\" ><ol>\n<li><strong>Skibelag schleifen:<\/strong> Der Belag Deiner Ski wird mit einem Bandschliff vorgeschliffen, einem speziellen Steinschliffverfahren nachgeschliffen und mit einer Struktur versehen. Damit verbessern wir\u00a0die Gleit- und Dreheigenschaften Deiner\u00a0Ski.<\/li>\n<li><strong>Kanten schleifen:<\/strong> Die Kanten werden im optimalen Winkel hinterschliffen, mit 0,5\u2019 abgeh\u00e4ngt und poliert.<\/li>\n<li><strong>Ski pr\u00e4parieren:<\/strong> Danach wachsen wir Deine Ski auf dem Waxjet von\u00a0Wintersteiger oder auf Wunsch auch von Hand.<\/li>\n<li><strong>Ski b\u00fcrsten &amp; polieren:<\/strong>\u00a0Zum Abschluss bringen wir Deine Ski noch auf Hochglanz f\u00fcr perfekte Gleiteigenschaften, indem wir die Lauffl\u00e4che\u00a0b\u00fcrsten und polieren.<\/li>\n<\/ol>\n<\/div><\/div><footer class=\"entry-footer\"><\/footer><\/article><\/div><\/p>\n\n<style type=\"text\/css\" data-created_by=\"avia_inline_auto\" id=\"style-css-av-av_one_half-250881bc74a935988cf5cdc5efa9d861\">\n.flex_column.av-av_one_half-250881bc74a935988cf5cdc5efa9d861{\nborder-width:1px;\nborder-color:#719430;\nborder-style:solid;\nborder-radius:5px 5px 5px 5px;\n-webkit-border-radius:5px 5px 5px 5px;\n-moz-border-radius:5px 5px 5px 5px;\n}\n<\/style>\n<div class='flex_column av-av_one_half-250881bc74a935988cf5cdc5efa9d861 av_one_half  avia-builder-el-6  el_after_av_one_half  el_before_av_hr  flex_column_div  av-animated-generic fade-in av-zero-column-padding '   ><article  class='iconbox iconbox_top av-av_icon_box-1ef02297272217f3fc511fae1c4bbab0  avia-builder-el-7  avia-builder-el-no-sibling  main_color'  itemscope=\"itemscope\" itemtype=\"https:\/\/schema.org\/CreativeWork\" ><div class=\"iconbox_content\"><header class=\"entry-content-header\"><div class=\"iconbox_icon heading-color\" aria-hidden='true' data-av_icon='\ue856' data-av_iconfont='entypo-fontello'><\/div><h3 class='iconbox_content_title '  itemprop=\"headline\" >Skiservice Gro\u00df<\/h3><\/header><div class='iconbox_content_container '  itemprop=\"text\" ><ol>\n<li><strong>Skibelag\u00a0schleifen &amp; ausbessern:<\/strong> Zuerst schleifen wir den Belag Deiner Ski mit einem Bandschliff vor.\u00a0Im <em>Aufschmelzverfahren<\/em> wird die Lauffl\u00e4che repariert\u00a0und mit einem speziellen Steinschliffverfahren nachgeschliffen. Dann versehen wir Deine Ski mit einer Struktur, um die Gleit- und Dreheigenschaften zu verbessern.<\/li>\n<li><strong>Kanten schleifen:\u00a0<\/strong>Die Kanten schleifen wir im optimalen Winkel. Sie werden mit 0,5\u2019 abgeh\u00e4ngt und professionell poliert.<\/li>\n<li><strong>Ski wachsen:<\/strong> Im Anschluss wachsen wir Deine Ski auf dem Waxjet der Marke Wintersteiger, oder auf Wunsch auch manuell.<\/li>\n<li><strong>Ski b\u00fcrsten &amp; polieren:<\/strong> Der letzte Arbeitsschritt des Skiservice besteht aus b\u00fcrsten und polieren der\u00a0Lauffl\u00e4che, damit Deine\u00a0Ski wieder perfekt durch den Schnee gleiten.<\/li>\n<\/ol>\n<\/div><\/div><footer class=\"entry-footer\"><\/footer><\/article><\/div>\n<div  class='hr av-av_hr-dcd2069817a0e3d34ae04cad8f3443c7 hr-default  avia-builder-el-8  el_after_av_one_half  el_before_av_one_half '><span class='hr-inner '><span class=\"hr-inner-style\"><\/span><\/span><\/div>\n\n<style type=\"text\/css\" data-created_by=\"avia_inline_auto\" id=\"style-css-av-av_one_half-710b6420358df9243d39fcaba9c6f763\">\n.flex_column.av-av_one_half-710b6420358df9243d39fcaba9c6f763{\nborder-width:1px;\nborder-color:#719430;\nborder-style:solid;\nborder-radius:5px 5px 5px 5px;\n-webkit-border-radius:5px 5px 5px 5px;\n-moz-border-radius:5px 5px 5px 5px;\n}\n<\/style>\n<div class='flex_column av-av_one_half-710b6420358df9243d39fcaba9c6f763 av_one_half  avia-builder-el-9  el_after_av_hr  el_before_av_one_half  first flex_column_div  av-animated-generic fade-in av-zero-column-padding '   ><article  class='iconbox iconbox_top av-av_icon_box-e0cbe8c7677ea0c97f68417eb5bcee4c  avia-builder-el-10  avia-builder-el-no-sibling  main_color'  itemscope=\"itemscope\" itemtype=\"https:\/\/schema.org\/CreativeWork\" ><div class=\"iconbox_content\"><header class=\"entry-content-header\"><div class=\"iconbox_icon heading-color\" aria-hidden='true' data-av_icon='\ue856' data-av_iconfont='entypo-fontello'><\/div><h3 class='iconbox_content_title '  itemprop=\"headline\" >Ski wachsen \u2013 Standard<\/h3><\/header><div class='iconbox_content_container '  itemprop=\"text\" ><p>Wir wachsen Deine Ski zuerst auf dem hochwertigen Waxjet der Marke Wintersteiger und anschlie\u00dfend <b>b\u00fcrsten und polieren<\/b> wir die Lauffl\u00e4che.<\/p>\n<\/div><\/div><footer class=\"entry-footer\"><\/footer><\/article><\/div>\n\n<style type=\"text\/css\" data-created_by=\"avia_inline_auto\" id=\"style-css-av-av_one_half-250881bc74a935988cf5cdc5efa9d861\">\n.flex_column.av-av_one_half-250881bc74a935988cf5cdc5efa9d861{\nborder-width:1px;\nborder-color:#719430;\nborder-style:solid;\nborder-radius:5px 5px 5px 5px;\n-webkit-border-radius:5px 5px 5px 5px;\n-moz-border-radius:5px 5px 5px 5px;\n}\n<\/style>\n<div class='flex_column av-av_one_half-250881bc74a935988cf5cdc5efa9d861 av_one_half  avia-builder-el-11  el_after_av_one_half  el_before_av_section  avia-builder-el-last  flex_column_div  av-animated-generic fade-in av-zero-column-padding '   ><article  class='iconbox iconbox_top av-av_icon_box-4054f4b73df1df3f5fb9b85987955d0b  avia-builder-el-12  avia-builder-el-no-sibling  main_color'  itemscope=\"itemscope\" itemtype=\"https:\/\/schema.org\/CreativeWork\" ><div class=\"iconbox_content\"><header class=\"entry-content-header\"><div class=\"iconbox_icon heading-color\" aria-hidden='true' data-av_icon='\ue856' data-av_iconfont='entypo-fontello'><\/div><h3 class='iconbox_content_title '  itemprop=\"headline\" >Ski wachsen \u2013 Professionell<\/h3><\/header><div class='iconbox_content_container '  itemprop=\"text\" ><p>Dein Ski verdient nur das Beste. Aus diesem Grund tragen wir den\u00a0Wachs mit einem Wachsb\u00fcgeleisen auf. Der Ski wird so erw\u00e4rmt, dass das <strong>Wachs auf der Lauffl\u00e4che<\/strong>\u00a0in die Fasern eindringen kann und der Belag ausreichend getr\u00e4nkt wird.<\/p>\n<p><em>Das Ski-Wachsen von Hand verspricht eine deutlich h\u00f6here Haltbarkeit.<\/em><\/p>\n<\/div><\/div><footer class=\"entry-footer\"><\/footer><\/article><\/div>\n<\/div><\/div><\/div><!-- close content main div --><\/div><\/div>\n<style type=\"text\/css\" data-created_by=\"avia_inline_auto\" id=\"style-css-av-av_section-ab405f333364daaafbf933ebef63bc57\">\n.avia-section.av-av_section-ab405f333364daaafbf933ebef63bc57{\nbackground-color:#719430;\n}\n<\/style>\n<div id='av_section_3'  class='avia-section av-av_section-ab405f333364daaafbf933ebef63bc57 main_color avia-section-small avia-no-border-styling  avia-builder-el-13  el_after_av_one_half  el_before_av_one_half  avia-bg-style-scroll container_wrap fullsize'  ><div class='container av-section-cont-open' ><div class='template-page content  av-content-full alpha units'><div class='post-entry post-entry-type-page post-entry-114'><div class='entry-content-wrapper clearfix'>\n<section  class='av_textblock_section av-av_textblock-0366cc7376be6c9e82a3e9cc8987b64f'  itemscope=\"itemscope\" itemtype=\"https:\/\/schema.org\/CreativeWork\" ><div class='avia_textblock'  itemprop=\"text\" ><h2 style=\"text-align: center;\"><span style=\"color: #ffffff;\">Skiservice f\u00fcr Langlaufski<\/span><\/h2>\n<\/div><\/section>\n<\/div><\/div><\/div><!-- close content main div --><\/div><\/div><div id='after_section_3'  class='main_color av_default_container_wrap container_wrap fullsize'  ><div class='container av-section-cont-open' ><div class='template-page content  av-content-full alpha units'><div class='post-entry post-entry-type-page post-entry-114'><div class='entry-content-wrapper clearfix'>\n\n<style type=\"text\/css\" data-created_by=\"avia_inline_auto\" id=\"style-css-av-av_one_half-710b6420358df9243d39fcaba9c6f763\">\n.flex_column.av-av_one_half-710b6420358df9243d39fcaba9c6f763{\nborder-width:1px;\nborder-color:#719430;\nborder-style:solid;\nborder-radius:5px 5px 5px 5px;\n-webkit-border-radius:5px 5px 5px 5px;\n-moz-border-radius:5px 5px 5px 5px;\n}\n<\/style>\n<div class='flex_column av-av_one_half-710b6420358df9243d39fcaba9c6f763 av_one_half  avia-builder-el-15  el_after_av_section  el_before_av_one_half  avia-builder-el-first  first flex_column_div  av-animated-generic fade-in av-zero-column-padding '   ><article  class='iconbox iconbox_top av-av_icon_box-03abe93684800cfe7d197e0b989a6747  avia-builder-el-16  avia-builder-el-no-sibling  main_color'  itemscope=\"itemscope\" itemtype=\"https:\/\/schema.org\/CreativeWork\" ><div class=\"iconbox_content\"><header class=\"entry-content-header\"><div class=\"iconbox_icon heading-color\" aria-hidden='true' data-av_icon='\ue856' data-av_iconfont='entypo-fontello'><\/div><h3 class='iconbox_content_title '  itemprop=\"headline\" >Strukturservice Klein<\/h3><\/header><div class='iconbox_content_container '  itemprop=\"text\" ><p>Wir schleifen Deine Langlaufski mit einem speziellen Steinschliffverfahren. Dabei werden sie zuerst plangeschliffen und danach mit einer Struktur versehen, um die Gleit- und Dreheigenschaften der Langlauf-Ski zu\u00a0verbessern.<\/p>\n<p>Dann entgraten wir die\u00a0Seitenkanten und wachsen die Lauffl\u00e4che danach auf dem Waxjet. Auf Wunsch wachsen wir Deine Langlauf-Ski auch von Hand. Der letzte Schritt im Struktur-Service ist das\u00a0B\u00fcrsten und Polieren der\u00a0Lauffl\u00e4che.<\/p>\n<\/div><\/div><footer class=\"entry-footer\"><\/footer><\/article><\/div>\n\n<style type=\"text\/css\" data-created_by=\"avia_inline_auto\" id=\"style-css-av-av_one_half-250881bc74a935988cf5cdc5efa9d861\">\n.flex_column.av-av_one_half-250881bc74a935988cf5cdc5efa9d861{\nborder-width:1px;\nborder-color:#719430;\nborder-style:solid;\nborder-radius:5px 5px 5px 5px;\n-webkit-border-radius:5px 5px 5px 5px;\n-moz-border-radius:5px 5px 5px 5px;\n}\n<\/style>\n<div class='flex_column av-av_one_half-250881bc74a935988cf5cdc5efa9d861 av_one_half  avia-builder-el-17  el_after_av_one_half  el_before_av_hr  flex_column_div  av-animated-generic fade-in av-zero-column-padding '   ><article  class='iconbox iconbox_top av-av_icon_box-1c14c9bffbc9897885b26ade0770d564  avia-builder-el-18  avia-builder-el-no-sibling  main_color'  itemscope=\"itemscope\" itemtype=\"https:\/\/schema.org\/CreativeWork\" ><div class=\"iconbox_content\"><header class=\"entry-content-header\"><div class=\"iconbox_icon heading-color\" aria-hidden='true' data-av_icon='\ue856' data-av_iconfont='entypo-fontello'><\/div><h3 class='iconbox_content_title '  itemprop=\"headline\" >Strukturservice Gro\u00df<\/h3><\/header><div class='iconbox_content_container '  itemprop=\"text\" ><p>Wie beim kleinen Struktur-Skiservice schleifen wir Deine Langlaufski\u00a0mit einem speziellen Steinschliffverfahren plan. <em>Im Aufschmelzverfahren wird die Lauffl\u00e4che repariert<\/em> und anschlie\u00dfend wieder mit einer Struktur versehen. Damit wird die Gleit- und Dreheigenschaft beim Skifahren deutlich verbessert.<\/p>\n<p>Wir entgraten die Kanten Deiner Langlauf-Ski und wachsen sie dann auf dem Waxjet oder auf Wunsch auch von Hand. Zum Schluss b\u00fcrsten und polieren wir die Lauffl\u00e4che.<\/p>\n<\/div><\/div><footer class=\"entry-footer\"><\/footer><\/article><\/div><div  class='hr av-av_hr-45f931f05f5898fdc250bd31b51b694c hr-default  avia-builder-el-19  el_after_av_one_half  el_before_av_one_fourth '><span class='hr-inner '><span class=\"hr-inner-style\"><\/span><\/span><\/div><\/p>\n\n<style type=\"text\/css\" data-created_by=\"avia_inline_auto\" id=\"style-css-av-av_one_fourth-6126cab7d8fab8d08143dd2dacdf673c\">\n.flex_column.av-av_one_fourth-6126cab7d8fab8d08143dd2dacdf673c{\nborder-radius:0px 0px 0px 0px;\n-webkit-border-radius:0px 0px 0px 0px;\n-moz-border-radius:0px 0px 0px 0px;\n}\n<\/style>\n<div class='flex_column av-av_one_fourth-6126cab7d8fab8d08143dd2dacdf673c av_one_fourth  avia-builder-el-20  el_after_av_hr  el_before_av_one_half  first flex_column_div av-zero-column-padding '   ><\/div>\n\n<style type=\"text\/css\" data-created_by=\"avia_inline_auto\" id=\"style-css-av-av_one_half-250881bc74a935988cf5cdc5efa9d861\">\n.flex_column.av-av_one_half-250881bc74a935988cf5cdc5efa9d861{\nborder-width:1px;\nborder-color:#719430;\nborder-style:solid;\nborder-radius:5px 5px 5px 5px;\n-webkit-border-radius:5px 5px 5px 5px;\n-moz-border-radius:5px 5px 5px 5px;\n}\n<\/style>\n<div class='flex_column av-av_one_half-250881bc74a935988cf5cdc5efa9d861 av_one_half  avia-builder-el-21  el_after_av_one_fourth  el_before_av_one_fourth  flex_column_div  av-animated-generic fade-in av-zero-column-padding '   ><article  class='iconbox iconbox_top av-av_icon_box-900ed876660d53c7cd5661b5f2eb9afe  avia-builder-el-22  avia-builder-el-no-sibling  main_color'  itemscope=\"itemscope\" itemtype=\"https:\/\/schema.org\/CreativeWork\" ><div class=\"iconbox_content\"><header class=\"entry-content-header\"><div class=\"iconbox_icon heading-color\" aria-hidden='true' data-av_icon='\ue856' data-av_iconfont='entypo-fontello'><\/div><h3 class='iconbox_content_title '  itemprop=\"headline\" >Langlauf-Ski wachsen<\/h3><\/header><div class='iconbox_content_container '  itemprop=\"text\" ><p>W\u00e4hlst du den Wachs-Service, werden Deine Langlauf-Ski mit einem speziellen B\u00fcgeleisen und dem richtigen <strong>Wachs f\u00fcr die aktuellen Schneeverh\u00e4ltnisse<\/strong> behandelt. Anschlie\u00dfend wird die Lauffl\u00e4che geb\u00fcrstet und poliert.<\/p>\n<p>Im Bereich der Steigschuppen wird ein No-Wax-Spray aufgetragen. Das <em>verhindert ein Vereisen oder Anpappen des Schnees<\/em>.<\/p>\n<\/div><\/div><footer class=\"entry-footer\"><\/footer><\/article><\/div>\n<style type=\"text\/css\" data-created_by=\"avia_inline_auto\" id=\"style-css-av-av_one_fourth-0aa7055fe62c3622faec82866afbaeb2\">\n.flex_column.av-av_one_fourth-0aa7055fe62c3622faec82866afbaeb2{\nborder-radius:0px 0px 0px 0px;\n-webkit-border-radius:0px 0px 0px 0px;\n-moz-border-radius:0px 0px 0px 0px;\n}\n<\/style>\n<div class='flex_column av-av_one_fourth-0aa7055fe62c3622faec82866afbaeb2 av_one_fourth  avia-builder-el-23  el_after_av_one_half  avia-builder-el-last  flex_column_div av-zero-column-padding '   ><\/div><\/p>\n","protected":false},"excerpt":{"rendered":"","protected":false},"author":1,"featured_media":0,"parent":39,"menu_order":0,"comment_status":"closed","ping_status":"closed","template":"","meta":{"footnotes":""},"class_list":["post-114","page","type-page","status-publish","hentry"],"_links":{"self":[{"href":"http:\/\/skiwerkstatt-pirna.de\/cms\/wp-json\/wp\/v2\/pages\/114","targetHints":{"allow":["GET"]}}],"collection":[{"href":"http:\/\/skiwerkstatt-pirna.de\/cms\/wp-json\/wp\/v2\/pages"}],"about":[{"href":"http:\/\/skiwerkstatt-pirna.de\/cms\/wp-json\/wp\/v2\/types\/page"}],"author":[{"embeddable":true,"href":"http:\/\/skiwerkstatt-pirna.de\/cms\/wp-json\/wp\/v2\/users\/1"}],"replies":[{"embeddable":true,"href":"http:\/\/skiwerkstatt-pirna.de\/cms\/wp-json\/wp\/v2\/comments?post=114"}],"version-history":[{"count":33,"href":"http:\/\/skiwerkstatt-pirna.de\/cms\/wp-json\/wp\/v2\/pages\/114\/revisions"}],"predecessor-version":[{"id":427,"href":"http:\/\/skiwerkstatt-pirna.de\/cms\/wp-json\/wp\/v2\/pages\/114\/revisions\/427"}],"up":[{"embeddable":true,"href":"http:\/\/skiwerkstatt-pirna.de\/cms\/wp-json\/wp\/v2\/pages\/39"}],"wp:attachment":[{"href":"http:\/\/skiwerkstatt-pirna.de\/cms\/wp-json\/wp\/v2\/media?parent=114"}],"curies":[{"name":"wp","href":"https:\/\/api.w.org\/{rel}","templated":true}]}}